{"id":5470,"date":"2019-02-04T15:18:14","date_gmt":"2019-02-04T20:18:14","guid":{"rendered":"https:\/\/www.ant-pass.com\/shipping\/supplement-carburant\/"},"modified":"2023-04-19T15:28:44","modified_gmt":"2023-04-19T19:28:44","slug":"supplement-carburant","status":"publish","type":"page","link":"https:\/\/www.ant-pass.com\/fr\/expedition\/supplement-carburant\/","title":{"rendered":"Suppl\u00e9ment carburant"},"content":{"rendered":"<p>[vc_row fullwidth=\u00a0\u00bbyes\u00a0\u00bb column_spacing=\u00a0\u00bb0px\u00a0\u00bb full_width=\u00a0\u00bbstretch_row_content_no_spaces\u00a0\u00bb el_class=\u00a0\u00bbequalize sm-equalize-auto\u00a0\u00bb css=\u00a0\u00bb.vc_custom_1548954877905{background-color: #f5f5f5 !important;}\u00a0\u00bb][vc_column width=\u00a0\u00bb1\/2&Prime; css=\u00a0\u00bb.vc_custom_1549311266180{background-image: url(https:\/\/www.ant-pass.com\/wp-content\/uploads\/2019\/02\/fuel-surcharge-ant-pass.jpg?id=5242) !important;background-position: center !important;background-repeat: no-repeat !important;background-size: cover !important;}\u00a0\u00bb]\r\n\t<div class=\"logistix-spacer clearfix\" data-desktop=\"0\" data-mobi=\"0\" data-smobi=\"400\"><\/div>[\/vc_column][vc_column width=\u00a0\u00bb1\/2&Prime; css=\u00a0\u00bb.vc_custom_1548953241369{background-color: #ffffff !important;}\u00a0\u00bb]<div class=\"logistix-content-box clearfix \" data-padding=\"\" data-mobipadding=\"\" data-margin=\"9.2% 15% 9.2% 22%\" data-mobimargin=\"8% 8% 9% 8%\">\r\n\t\t<div class=\"inner \" style=\"\">\r\n\t\t\t<p>[vc_column_text]Le suppl\u00e9ment carburant est un montant r\u00e9glement\u00e9 sur le prix du carburant (diesel) qui permet aux entreprises de transport de marchandises de r\u00e9cup\u00e9rer les co\u00fbts du carburant sur lesquels elles n&rsquo;ont aucun contr\u00f4le.<\/p>\n<p>En ce qui concerne sp\u00e9cifiquement le transport terrestre, les prix variables du carburant peuvent avoir un impact sur le co\u00fbt de l&rsquo;exp\u00e9dition. La compagnie maritime \u00e9tablit une \u00ab\u00a0surcharge\u00a0\u00bb, qui est un accord sur le prix du carburant ajout\u00e9 aux frais d&rsquo;exp\u00e9dition.<\/p>\n<p>Comme les prix du carburant ont tendance \u00e0 fluctuer, ils peuvent avoir un impact sur les exp\u00e9ditions en cours de route. Comme il n&rsquo;existe pas de m\u00e9thode appropri\u00e9e pour \u00e9valuer l&rsquo;impact potentiel d&rsquo;une augmentation rapide des co\u00fbts du carburant et la fa\u00e7on dont elle peut nuire \u00e0 la compagnie maritime, cette derni\u00e8re \u00e9tablit une surcharge carburant qui est ensuite appliqu\u00e9e \u00e0 son tarif.[\/vc_column_text]<\/p>\n\r\n\t\t<\/div>\r\n\t<\/div>[\/vc_column][\/vc_row]<\/p>\n","protected":false},"excerpt":{"rendered":"<p>[vc_row fullwidth=\u00a0\u00bbyes\u00a0\u00bb column_spacing=\u00a0\u00bb0px\u00a0\u00bb full_width=\u00a0\u00bbstretch_row_content_no_spaces\u00a0\u00bb el_class=\u00a0\u00bbequalize sm-equalize-auto\u00a0\u00bb css=\u00a0\u00bb.vc_custom_1548954877905{background-color: #f5f5f5 !important;}\u00a0\u00bb][vc_column width=\u00a0\u00bb1\/2&Prime; css=\u00a0\u00bb.vc_custom_1549311266180{background-image: url(https:\/\/www.ant-pass.com\/wp-content\/uploads\/2019\/02\/fuel-surcharge-ant-pass.jpg?id=5242) !important;background-position: center !important;background-repeat: no-repeat !important;background-size: cover !important;}\u00a0\u00bb][\/vc_column][vc_column width=\u00a0\u00bb1\/2&Prime; css=\u00a0\u00bb.vc_custom_1548953241369{background-color: #ffffff !important;}\u00a0\u00bb][\/vc_column][\/vc_row]<\/p>\n","protected":false},"author":1,"featured_media":0,"parent":5467,"menu_order":0,"comment_status":"closed","ping_status":"closed","template":"","meta":{"footnotes":""},"class_list":["post-5470","page","type-page","status-publish","hentry"],"aioseo_notices":[],"_links":{"self":[{"href":"https:\/\/www.ant-pass.com\/fr\/wp-json\/wp\/v2\/pages\/5470","targetHints":{"allow":["GET"]}}],"collection":[{"href":"https:\/\/www.ant-pass.com\/fr\/wp-json\/wp\/v2\/pages"}],"about":[{"href":"https:\/\/www.ant-pass.com\/fr\/wp-json\/wp\/v2\/types\/page"}],"author":[{"embeddable":true,"href":"https:\/\/www.ant-pass.com\/fr\/wp-json\/wp\/v2\/users\/1"}],"replies":[{"embeddable":true,"href":"https:\/\/www.ant-pass.com\/fr\/wp-json\/wp\/v2\/comments?post=5470"}],"version-history":[{"count":1,"href":"https:\/\/www.ant-pass.com\/fr\/wp-json\/wp\/v2\/pages\/5470\/revisions"}],"predecessor-version":[{"id":5471,"href":"https:\/\/www.ant-pass.com\/fr\/wp-json\/wp\/v2\/pages\/5470\/revisions\/5471"}],"up":[{"embeddable":true,"href":"https:\/\/www.ant-pass.com\/fr\/wp-json\/wp\/v2\/pages\/5467"}],"wp:attachment":[{"href":"https:\/\/www.ant-pass.com\/fr\/wp-json\/wp\/v2\/media?parent=5470"}],"curies":[{"name":"wp","href":"https:\/\/api.w.org\/{rel}","templated":true}]}}