{"id":5425,"date":"2017-10-16T13:06:09","date_gmt":"2017-10-16T17:06:09","guid":{"rendered":"https:\/\/www.ant-pass.com\/industries\/"},"modified":"2023-04-19T15:05:54","modified_gmt":"2023-04-19T19:05:54","slug":"industries","status":"publish","type":"page","link":"https:\/\/www.ant-pass.com\/fr\/entreprise\/industries\/","title":{"rendered":"Industries"},"content":{"rendered":"<p>[vc_row fullwidth=\u00a0\u00bbyes\u00a0\u00bb column_spacing=\u00a0\u00bb0px\u00a0\u00bb full_width=\u00a0\u00bbstretch_row_content_no_spaces\u00a0\u00bb el_class=\u00a0\u00bbequalize sm-equalize-auto\u00a0\u00bb css=\u00a0\u00bb.vc_custom_1527512510673{background-color: #f5f5f5 !important;}\u00a0\u00bb][vc_column width=\u00a0\u00bb1\/2&Prime; css=\u00a0\u00bb.vc_custom_1548952983508{background-image: url(https:\/\/www.ant-pass.com\/wp-content\/uploads\/2019\/01\/large-proofs-53.jpeg?id=5104) !important;background-position: center !important;background-repeat: no-repeat !important;background-size: cover !important;}\u00a0\u00bb]\r\n\t<div class=\"logistix-spacer clearfix\" data-desktop=\"0\" data-mobi=\"0\" data-smobi=\"400\"><\/div>[\/vc_column][vc_column width=\u00a0\u00bb1\/2&Prime; css=\u00a0\u00bb.vc_custom_1548953241369{background-color: #ffffff !important;}\u00a0\u00bb]<div class=\"logistix-content-box clearfix \" data-padding=\"\" data-mobipadding=\"\" data-margin=\"9.2% 15% 9.2% 22%\" data-mobimargin=\"8% 8% 9% 8%\">\r\n\t\t<div class=\"inner \" style=\"\">\r\n\t\t\t<p>[vc_column_text]Ant-Pass fournit des services logistiques ax\u00e9s sur le client et des solutions personnalis\u00e9es pour une multitude d&rsquo;industries, de l&#8217;emballage alimentaire \u00e0 l&rsquo;\u00e9lectronique grand public.<\/p>\n<p>Ant-Pass propose \u00e9galement des services d&rsquo;exp\u00e9dition de fret sp\u00e9cialis\u00e9s :<\/p>\n<ul>\n<li>Aliments non p\u00e9rissables<\/li>\n<li>Emballages de qualit\u00e9 alimentaire<\/li>\n<li>L&rsquo;\u00e9lectronique grand public<\/li>\n<li>Expositions de conf\u00e9rences<\/li>\n<li>\u00c9nergie renouvelable<\/li>\n<li>Emballages de qualit\u00e9 pharmaceutique<\/li>\n<li>Emballage de qualit\u00e9 cosm\u00e9tique<\/li>\n<li>Exploitation mini\u00e8re<\/li>\n<li>Marchandises g\u00e9n\u00e9rales<\/li>\n<li>M\u00e9taux<\/li>\n<\/ul>\n<p><a href=\"\/fr\/contact\"><strong>Contactez-nous pour en savoir plus sur la fa\u00e7on dont nous exp\u00e9dions pour votre industrie.<\/strong><\/a>[\/vc_column_text]<\/p>\n\r\n\t\t<\/div>\r\n\t<\/div>[\/vc_column][\/vc_row]<\/p>\n","protected":false},"excerpt":{"rendered":"<p>[vc_row fullwidth=\u00a0\u00bbyes\u00a0\u00bb column_spacing=\u00a0\u00bb0px\u00a0\u00bb full_width=\u00a0\u00bbstretch_row_content_no_spaces\u00a0\u00bb el_class=\u00a0\u00bbequalize sm-equalize-auto\u00a0\u00bb css=\u00a0\u00bb.vc_custom_1527512510673{background-color: #f5f5f5 !important;}\u00a0\u00bb][vc_column width=\u00a0\u00bb1\/2&Prime; css=\u00a0\u00bb.vc_custom_1548952983508{background-image: url(https:\/\/www.ant-pass.com\/wp-content\/uploads\/2019\/01\/large-proofs-53.jpeg?id=5104) !important;background-position: center !important;background-repeat: no-repeat !important;background-size: cover !important;}\u00a0\u00bb][\/vc_column][vc_column width=\u00a0\u00bb1\/2&Prime; css=\u00a0\u00bb.vc_custom_1548953241369{background-color: #ffffff !important;}\u00a0\u00bb][\/vc_column][\/vc_row]<\/p>\n","protected":false},"author":1,"featured_media":0,"parent":5479,"menu_order":0,"comment_status":"closed","ping_status":"closed","template":"","meta":{"footnotes":""},"class_list":["post-5425","page","type-page","status-publish","hentry"],"aioseo_notices":[],"_links":{"self":[{"href":"https:\/\/www.ant-pass.com\/fr\/wp-json\/wp\/v2\/pages\/5425","targetHints":{"allow":["GET"]}}],"collection":[{"href":"https:\/\/www.ant-pass.com\/fr\/wp-json\/wp\/v2\/pages"}],"about":[{"href":"https:\/\/www.ant-pass.com\/fr\/wp-json\/wp\/v2\/types\/page"}],"author":[{"embeddable":true,"href":"https:\/\/www.ant-pass.com\/fr\/wp-json\/wp\/v2\/users\/1"}],"replies":[{"embeddable":true,"href":"https:\/\/www.ant-pass.com\/fr\/wp-json\/wp\/v2\/comments?post=5425"}],"version-history":[{"count":1,"href":"https:\/\/www.ant-pass.com\/fr\/wp-json\/wp\/v2\/pages\/5425\/revisions"}],"predecessor-version":[{"id":5427,"href":"https:\/\/www.ant-pass.com\/fr\/wp-json\/wp\/v2\/pages\/5425\/revisions\/5427"}],"up":[{"embeddable":true,"href":"https:\/\/www.ant-pass.com\/fr\/wp-json\/wp\/v2\/pages\/5479"}],"wp:attachment":[{"href":"https:\/\/www.ant-pass.com\/fr\/wp-json\/wp\/v2\/media?parent=5425"}],"curies":[{"name":"wp","href":"https:\/\/api.w.org\/{rel}","templated":true}]}}